{"id":21,"date":"2026-04-08T19:51:14","date_gmt":"2026-04-08T17:51:14","guid":{"rendered":"https:\/\/journeesdusoincommunautaire.org\/?page_id=21"},"modified":"2026-04-08T21:58:52","modified_gmt":"2026-04-08T19:58:52","slug":"edition-2022","status":"publish","type":"page","link":"https:\/\/journeesdusoincommunautaire.org\/?page_id=21","title":{"rendered":"\u00c9dition 2022"},"content":{"rendered":"\n<figure class=\"wp-block-image size-large\"><img loading=\"lazy\" decoding=\"async\" width=\"724\" height=\"1024\" src=\"https:\/\/journeesdusoincommunautaire.org\/wp-content\/uploads\/2026\/04\/AFFICHE-FINALE-724x1024.jpg\" alt=\"\" class=\"wp-image-35\" srcset=\"https:\/\/journeesdusoincommunautaire.org\/wp-content\/uploads\/2026\/04\/AFFICHE-FINALE-724x1024.jpg 724w, https:\/\/journeesdusoincommunautaire.org\/wp-content\/uploads\/2026\/04\/AFFICHE-FINALE-212x300.jpg 212w, https:\/\/journeesdusoincommunautaire.org\/wp-content\/uploads\/2026\/04\/AFFICHE-FINALE-768x1086.jpg 768w, https:\/\/journeesdusoincommunautaire.org\/wp-content\/uploads\/2026\/04\/AFFICHE-FINALE-1086x1536.jpg 1086w, https:\/\/journeesdusoincommunautaire.org\/wp-content\/uploads\/2026\/04\/AFFICHE-FINALE-1448x2048.jpg 1448w, https:\/\/journeesdusoincommunautaire.org\/wp-content\/uploads\/2026\/04\/AFFICHE-FINALE-scaled.jpg 1810w\" sizes=\"auto, (max-width: 724px) 100vw, 724px\" \/><\/figure>\n\n\n\n<p><strong>D\u2019o\u00f9 vient le projet&nbsp;?<\/strong><\/p>\n\n\n\n<p>Une veill\u00e9e aux chandelles a \u00e9t\u00e9 organis\u00e9e le 20 novembre 1999 \u00e0 San Francisco en m\u00e9moire de Rita Hester, femme trans afro-am\u00e9ricaine travailleuse du sexe, et pour toutes les personnes transgenres assassin\u00e9es dans le monde. C\u2019est l\u2019origine de la journ\u00e9e du souvenir transgenre (TDOR). Depuis la cr\u00e9ation de notre association, nous organisons presque chaque ann\u00e9e un moment de comm\u00e9moration \u00e0 Toulouse ce jour l\u00e0, pour rendre hommage et se souvenir de la vie personnes d\u00e9c\u00e9d\u00e9es, pour prendre soin de leurs proches, et aussi pour briser le silence et pour comprendre et dire la v\u00e9rit\u00e9 sur les circonstances de leur mort, sur les violences qu\u2019elles ont subi.&nbsp;<\/p>\n\n\n\n<p>Mais les personnes transgenres qui nous quittent de fa\u00e7on pr\u00e9matur\u00e9e, ainsi que leurs proches, ne sont pas que trans, mais subissent aussi bien souvent, comme Rita Hester, d\u2019autres oppressions \u2013 en tant que TDS, personnes racis\u00e9.e.s, migrant.e.s et\/ou psychiatris\u00e9.e.s. C\u2019est une r\u00e9alit\u00e9 \u00e0 Toulouse aussi, nous l\u2019avons observ\u00e9 lors de nos deuils r\u00e9p\u00e9t\u00e9s de ces derni\u00e8res ann\u00e9es.&nbsp;<\/p>\n\n\n\n<p>En cette p\u00e9riode de souvenir trans, nous avons donc souhait\u00e9 \u00e9largir notre perspective, et organiser des moments de soin communautaire et \u00e9changer sur nos pratiques. Nos identit\u00e9s sont multiples et s\u2019entrecroisent, c\u2019est pourquoi nous souhaitons que cet \u00e9v\u00e9nement soit globalement mixte, m\u00eame si certains moments pourront \u00eatre dans des non-mixit\u00e9s.<\/p>\n\n\n\n<p>Ceci est une invitation \u00e0 l\u2019amour r\u00e9volutionnaire. Le deuil nous fait nous r\u00e9unir et nous rendre compte de l\u2019importance d\u2019\u00eatre ensemble. Dans ce moment o\u00f9 nous sommes les plus vuln\u00e9rables, nous cr\u00e9erons des liens qui auront la force de changer radicalement la soci\u00e9t\u00e9.<\/p>\n\n\n\n<h2 class=\"wp-block-heading\">Le PROGRAMME<\/h2>\n\n\n\n<figure class=\"wp-block-image size-large\"><img loading=\"lazy\" decoding=\"async\" width=\"1024\" height=\"724\" src=\"https:\/\/journeesdusoincommunautaire.org\/wp-content\/uploads\/2026\/04\/Programme-1024x724.jpg\" alt=\"\" class=\"wp-image-36\" srcset=\"https:\/\/journeesdusoincommunautaire.org\/wp-content\/uploads\/2026\/04\/Programme-1024x724.jpg 1024w, https:\/\/journeesdusoincommunautaire.org\/wp-content\/uploads\/2026\/04\/Programme-300x212.jpg 300w, https:\/\/journeesdusoincommunautaire.org\/wp-content\/uploads\/2026\/04\/Programme-768x543.jpg 768w, https:\/\/journeesdusoincommunautaire.org\/wp-content\/uploads\/2026\/04\/Programme-1536x1086.jpg 1536w, https:\/\/journeesdusoincommunautaire.org\/wp-content\/uploads\/2026\/04\/Programme-2048x1448.jpg 2048w\" sizes=\"auto, (max-width: 1024px) 100vw, 1024px\" \/><\/figure>\n\n\n\n<h2 class=\"wp-block-heading\">\u00ab\u00a0Les tr\u00e9sors du soin communautaire\u00a0\u00bb<\/h2>\n\n\n\n<p>Enregistrement de la table ronde d&rsquo;ouverture du 16 novembre 2022, par l&rsquo;\u00e9quipe de l&rsquo;\u00e9mission Brasero<\/p>\n\n\n\n<figure class=\"wp-block-audio\"><audio controls src=\"https:\/\/journeesdusoincommunautaire.org\/wp-content\/uploads\/2026\/04\/journeessoins-communautaire_BRASERO.mp3\"><\/audio><\/figure>\n\n\n\n<h2 class=\"wp-block-heading\">L&rsquo;arbre du TDOR<\/h2>\n\n\n\n<p>Le 20 Novembre 2022 nous avons plant\u00e9 ensemble un petit olivier auquel vous pouvez toujours aller rendez visite dans le jardin du lieu d&rsquo;activit\u00e9 \u00ab\u00a0La Chapelle\u00a0\u00bb au 36 rue Dani\u00e8le Casanova \u00e0 Toulouse.<\/p>\n\n\n\n<figure class=\"wp-block-image size-large\"><img loading=\"lazy\" decoding=\"async\" width=\"768\" height=\"1024\" src=\"https:\/\/journeesdusoincommunautaire.org\/wp-content\/uploads\/2026\/04\/arbre-768x1024.jpeg\" alt=\"\" class=\"wp-image-37\" srcset=\"https:\/\/journeesdusoincommunautaire.org\/wp-content\/uploads\/2026\/04\/arbre-768x1024.jpeg 768w, https:\/\/journeesdusoincommunautaire.org\/wp-content\/uploads\/2026\/04\/arbre-225x300.jpeg 225w, https:\/\/journeesdusoincommunautaire.org\/wp-content\/uploads\/2026\/04\/arbre-1152x1536.jpeg 1152w, https:\/\/journeesdusoincommunautaire.org\/wp-content\/uploads\/2026\/04\/arbre.jpeg 1200w\" sizes=\"auto, (max-width: 768px) 100vw, 768px\" \/><\/figure>\n\n\n\n<p><\/p>\n","protected":false},"excerpt":{"rendered":"<p>D\u2019o\u00f9 vient le projet&nbsp;? Une veill\u00e9e aux chandelles a \u00e9t\u00e9 organis\u00e9e le 20 novembre 1999 \u00e0 San Francisco en m\u00e9moire de Rita Hester, femme trans afro-am\u00e9ricaine travailleuse du sexe, et pour toutes les personnes transgenres assassin\u00e9es dans le monde. C\u2019est l\u2019origine de la journ\u00e9e du souvenir transgenre (TDOR). Depuis la cr\u00e9ation de notre association, nous [&hellip;]<\/p>\n","protected":false},"author":3,"featured_media":0,"parent":0,"menu_order":0,"comment_status":"closed","ping_status":"closed","template":"","meta":{"_uag_custom_page_level_css":"","footnotes":""},"class_list":["post-21","page","type-page","status-publish","hentry"],"uagb_featured_image_src":{"full":false,"thumbnail":false,"medium":false,"medium_large":false,"large":false,"1536x1536":false,"2048x2048":false},"uagb_author_info":{"display_name":"Jade","author_link":"https:\/\/journeesdusoincommunautaire.org\/?author=3"},"uagb_comment_info":0,"uagb_excerpt":"D\u2019o\u00f9 vient le projet&nbsp;? Une veill\u00e9e aux chandelles a \u00e9t\u00e9 organis\u00e9e le 20 novembre 1999 \u00e0 San Francisco en m\u00e9moire de Rita Hester, femme trans afro-am\u00e9ricaine travailleuse du sexe, et pour toutes les personnes transgenres assassin\u00e9es dans le monde. C\u2019est l\u2019origine de la journ\u00e9e du souvenir transgenre (TDOR). Depuis la cr\u00e9ation de notre association, nous\u2026","_links":{"self":[{"href":"https:\/\/journeesdusoincommunautaire.org\/index.php?rest_route=\/wp\/v2\/pages\/21","targetHints":{"allow":["GET"]}}],"collection":[{"href":"https:\/\/journeesdusoincommunautaire.org\/index.php?rest_route=\/wp\/v2\/pages"}],"about":[{"href":"https:\/\/journeesdusoincommunautaire.org\/index.php?rest_route=\/wp\/v2\/types\/page"}],"author":[{"embeddable":true,"href":"https:\/\/journeesdusoincommunautaire.org\/index.php?rest_route=\/wp\/v2\/users\/3"}],"replies":[{"embeddable":true,"href":"https:\/\/journeesdusoincommunautaire.org\/index.php?rest_route=%2Fwp%2Fv2%2Fcomments&post=21"}],"version-history":[{"count":5,"href":"https:\/\/journeesdusoincommunautaire.org\/index.php?rest_route=\/wp\/v2\/pages\/21\/revisions"}],"predecessor-version":[{"id":42,"href":"https:\/\/journeesdusoincommunautaire.org\/index.php?rest_route=\/wp\/v2\/pages\/21\/revisions\/42"}],"wp:attachment":[{"href":"https:\/\/journeesdusoincommunautaire.org\/index.php?rest_route=%2Fwp%2Fv2%2Fmedia&parent=21"}],"curies":[{"name":"wp","href":"https:\/\/api.w.org\/{rel}","templated":true}]}}