{"id":26,"date":"2026-04-08T20:10:17","date_gmt":"2026-04-08T18:10:17","guid":{"rendered":"https:\/\/journeesdusoincommunautaire.org\/?page_id=26"},"modified":"2026-04-08T20:29:28","modified_gmt":"2026-04-08T18:29:28","slug":"edition-2024","status":"publish","type":"page","link":"https:\/\/journeesdusoincommunautaire.org\/?page_id=26","title":{"rendered":"\u00c9dition 2024"},"content":{"rendered":"\n<p>La deuxi\u00e8me \u00e9dition des Journ\u00e9es du soin communautaire a eu lieu du 15 au 24 Novembre 2024.<\/p>\n\n\n\n<h2 class=\"wp-block-heading\">Imaginaires r\u00e9parateurs<\/h2>\n\n\n\n<p>Nous avons choisi d\u2019ancrer la deuxi\u00e8me \u00e9dition des Journ\u00e9es autour des <strong>imaginaires r\u00e9parateurs. <\/strong>En effet, dans un climat politique de plus en plus hostile aux minorit\u00e9s, il nous para\u00eet n\u00e9cessaire de pouvoir ancrer nos luttes non seulement dans la r\u00e9action mais \u00e9galement dans la projection, la construction et la coop\u00e9ration \u00e0 un futur d\u00e9sirable. Nous explorerons ce th\u00e8me lors de la table ronde introductive, puis tout au long des activit\u00e9s propos\u00e9es durant la semaine.<\/p>\n\n\n\n<h1 class=\"wp-block-heading\">Le programme<\/h1>\n\n\n\n<figure class=\"wp-block-image size-large\"><img loading=\"lazy\" decoding=\"async\" width=\"1024\" height=\"724\" src=\"https:\/\/journeesdusoincommunautaire.org\/wp-content\/uploads\/2026\/04\/Programme-JSC-Site1-1-1024x724.png\" alt=\"\" class=\"wp-image-30\" srcset=\"https:\/\/journeesdusoincommunautaire.org\/wp-content\/uploads\/2026\/04\/Programme-JSC-Site1-1-1024x724.png 1024w, https:\/\/journeesdusoincommunautaire.org\/wp-content\/uploads\/2026\/04\/Programme-JSC-Site1-1-300x212.png 300w, https:\/\/journeesdusoincommunautaire.org\/wp-content\/uploads\/2026\/04\/Programme-JSC-Site1-1-768x543.png 768w, https:\/\/journeesdusoincommunautaire.org\/wp-content\/uploads\/2026\/04\/Programme-JSC-Site1-1-1536x1086.png 1536w, https:\/\/journeesdusoincommunautaire.org\/wp-content\/uploads\/2026\/04\/Programme-JSC-Site1-1-2048x1448.png 2048w\" sizes=\"auto, (max-width: 1024px) 100vw, 1024px\" \/><\/figure>\n\n\n\n<h2 class=\"wp-block-heading\">Noah Truong<\/h2>\n\n\n\n<p>N\u00e9 en 1992, Noah Truong est po\u00e8te et \u00e9crivain. Il est l\u2019auteur de <em>Manuel pour changer de corps<\/em> (ed. Cambourakis, janvier 2024), pour lequel il a \u00e9t\u00e9 finaliste du Prix de la Po\u00e9sie de la Vocation 2022 et du Grand Prix Po\u00e9sie de la SGDL en 2024. Son travail est apparu dans les revues Censored, Manifesto XXI, If, Affixes et S\u00e8ve. Il aborde notamment les th\u00e8mes de la m\u00e9tamorphose, du deuil, de l\u2019amour, du f\u00e9minisme et de la vie queer.<\/p>\n\n\n\n<h2 class=\"wp-block-heading\">Michaela Danj\u00e9<\/h2>\n\n\n\n<p>Michaela Danj\u00e9 est essayiste, po\u00e9tesse, rappeuse. Elle est membre et co-fondatrice du collectif Cases Rebelles et a dirig\u00e9 le recueil <em>AfroTrans<\/em>.<\/p>\n\n\n\n<h2 class=\"wp-block-heading\">Ketty Steward<\/h2>\n\n\n\n<p>Ketty Steward est autrice, notamment, de nouvelles, romans, essais et po\u00e8mes. R\u00e9guli\u00e8rement au sommaire d\u2019anthologies th\u00e9matiques et de revues de genre depuis 2003, elle \u00e9crit et fait \u00e9crire, principalement, des textes fantastiques et de science-fiction.<\/p>\n\n\n\n<p>Elle est la pr\u00e9sidente du R\u00e9seau Universit\u00e9 de la Pluralit\u00e9 qui s\u2019int\u00e9resse aux imaginaires alternatifs du futur.<\/p>\n\n\n\n<p>Docteure en psychologie \u00e0 Paris 8 (LPPC) et psychologue clinicienne, elle travaille sur la place du r\u00e9cit dans le soin.<\/p>\n\n\n\n<h2 class=\"wp-block-heading\">Jolan Bertrand<\/h2>\n\n\n\n<p>Jolan Bertrand est n\u00e9 un jour d\u2019\u00e9t\u00e9 de l\u2019ann\u00e9e 1994. Il a grandi au milieu des livres &#8211; d\u2019<em>Artemis Fowl<\/em> aux <em>Royaumes du Nord &#8211;<\/em>, et dict\u00e9 ses premi\u00e8res histoires \u00e0 ses parents. Depuis, il n\u2019a jamais cess\u00e9 d\u2019\u00e9crire. Lorsqu\u2019il n\u2019est pas plong\u00e9 dans un livre ou dans un manuscrit, il parcourt le monde avec un vieux sac \u00e0 dos.<\/p>\n\n\n\n<p><\/p>\n\n\n\n<h1 class=\"wp-block-heading\">Les diff\u00e9rents lieux<\/h1>\n\n\n\n<ul class=\"wp-block-list\">\n<li>Les Halles de la Transition, 7 rue du Canon d\u2019Arcole. Lieu de restauration.<\/li>\n\n\n\n<li>L\u2019Espace des Diversit\u00e9s et La\u00efcit\u00e9s, 38 rue d\u2019Aubuisson. Mairie de Toulouse.<\/li>\n\n\n\n<li>Centre d\u2019Accueil et d\u2019Accompagnement \u00e0 la R\u00e9duction des Risques pour Usagers de Drogues, 16, avenue Etienne Billi\u00e8res. Association AIDES.<\/li>\n\n\n\n<li>Planning Familial de Haute-Garonne, 44, place Nicolas Bachelier. Planning Familial 31.<\/li>\n\n\n\n<li>Paysages Humains, 54 rue du Faubourg Bonnefoy. Librairie ind\u00e9pendante.<\/li>\n\n\n\n<li>Le Motor, 44 rue Michel Ange. Lieu d\u2019activit\u00e9s.<\/li>\n\n\n\n<li>Centre culturel &#8211; Th\u00e9\u00e2tre des Mazades, 10 Avenue des Mazades.<\/li>\n\n\n\n<li>Centre de Soin, d\u2019Accompagnement et de Pr\u00e9vention en Addictologie, 21 boulevard Silvio Trentin. Association Addictions France.<\/li>\n\n\n\n<li>La Chapelle, 36 rue Danielle Casanova. Association L\u2019Atelier Id\u00e9al.<\/li>\n<\/ul>\n\n\n\n<p><\/p>\n","protected":false},"excerpt":{"rendered":"<p>La deuxi\u00e8me \u00e9dition des Journ\u00e9es du soin communautaire a eu lieu du 15 au 24 Novembre 2024. Imaginaires r\u00e9parateurs Nous avons choisi d\u2019ancrer la deuxi\u00e8me \u00e9dition des Journ\u00e9es autour des imaginaires r\u00e9parateurs. En effet, dans un climat politique de plus en plus hostile aux minorit\u00e9s, il nous para\u00eet n\u00e9cessaire de pouvoir ancrer nos luttes non [&hellip;]<\/p>\n","protected":false},"author":3,"featured_media":0,"parent":0,"menu_order":0,"comment_status":"closed","ping_status":"closed","template":"","meta":{"_uag_custom_page_level_css":"","footnotes":""},"class_list":["post-26","page","type-page","status-publish","hentry"],"uagb_featured_image_src":{"full":false,"thumbnail":false,"medium":false,"medium_large":false,"large":false,"1536x1536":false,"2048x2048":false},"uagb_author_info":{"display_name":"Jade","author_link":"https:\/\/journeesdusoincommunautaire.org\/?author=3"},"uagb_comment_info":0,"uagb_excerpt":"La deuxi\u00e8me \u00e9dition des Journ\u00e9es du soin communautaire a eu lieu du 15 au 24 Novembre 2024. Imaginaires r\u00e9parateurs Nous avons choisi d\u2019ancrer la deuxi\u00e8me \u00e9dition des Journ\u00e9es autour des imaginaires r\u00e9parateurs. En effet, dans un climat politique de plus en plus hostile aux minorit\u00e9s, il nous para\u00eet n\u00e9cessaire de pouvoir ancrer nos luttes non\u2026","_links":{"self":[{"href":"https:\/\/journeesdusoincommunautaire.org\/index.php?rest_route=\/wp\/v2\/pages\/26","targetHints":{"allow":["GET"]}}],"collection":[{"href":"https:\/\/journeesdusoincommunautaire.org\/index.php?rest_route=\/wp\/v2\/pages"}],"about":[{"href":"https:\/\/journeesdusoincommunautaire.org\/index.php?rest_route=\/wp\/v2\/types\/page"}],"author":[{"embeddable":true,"href":"https:\/\/journeesdusoincommunautaire.org\/index.php?rest_route=\/wp\/v2\/users\/3"}],"replies":[{"embeddable":true,"href":"https:\/\/journeesdusoincommunautaire.org\/index.php?rest_route=%2Fwp%2Fv2%2Fcomments&post=26"}],"version-history":[{"count":3,"href":"https:\/\/journeesdusoincommunautaire.org\/index.php?rest_route=\/wp\/v2\/pages\/26\/revisions"}],"predecessor-version":[{"id":33,"href":"https:\/\/journeesdusoincommunautaire.org\/index.php?rest_route=\/wp\/v2\/pages\/26\/revisions\/33"}],"wp:attachment":[{"href":"https:\/\/journeesdusoincommunautaire.org\/index.php?rest_route=%2Fwp%2Fv2%2Fmedia&parent=26"}],"curies":[{"name":"wp","href":"https:\/\/api.w.org\/{rel}","templated":true}]}}